{"id":2,"date":"2022-09-12T22:19:57","date_gmt":"2022-09-12T22:19:57","guid":{"rendered":"http:\/\/www.ozkulplastik.com\/?page_id=2"},"modified":"2026-01-22T11:54:45","modified_gmt":"2026-01-22T11:54:45","slug":"sample-page","status":"publish","type":"page","link":"http:\/\/www.ozkulplastik.com\/?page_id=2","title":{"rendered":"\u00dcr\u00fcnler"},"content":{"rendered":"\n<div class=\"wp-block-cover is-light\" style=\"min-height:422px\"><span aria-hidden=\"true\" class=\"wp-block-cover__background has-background-dim\"><\/span><img loading=\"lazy\" width=\"1042\" height=\"695\" class=\"wp-block-cover__image-background wp-image-118\" alt=\"\" src=\"https:\/\/www.ozkulplastik.com\/wp-content\/uploads\/2022\/09\/picture-1-1.jpeg\" data-object-fit=\"cover\" srcset=\"http:\/\/www.ozkulplastik.com\/wp-content\/uploads\/2022\/09\/picture-1-1.jpeg 1042w, http:\/\/www.ozkulplastik.com\/wp-content\/uploads\/2022\/09\/picture-1-1-300x200.jpeg 300w, http:\/\/www.ozkulplastik.com\/wp-content\/uploads\/2022\/09\/picture-1-1-1024x683.jpeg 1024w, http:\/\/www.ozkulplastik.com\/wp-content\/uploads\/2022\/09\/picture-1-1-768x512.jpeg 768w\" sizes=\"(max-width: 1042px) 100vw, 1042px\" \/><div class=\"wp-block-cover__inner-container\">\n<p class=\"has-text-align-center has-large-font-size\"><\/p>\n<\/div><\/div>\n\n\n\n<p><strong>Termo Gran\u00fcl Hammadde<\/strong><\/p>\n\n\n\n<p>Halihaz\u0131rda \u00fcr\u00fcn yelpazemizde bulunan termo hammaddelere ek olarak, Ar-Ge b\u00f6l\u00fcm\u00fcm\u00fcz, en iyi \u00e7\u00f6z\u00fcm\u00fc incelemek ve herhangi bir gereksinimi kar\u015f\u0131layan \u00f6zel yap\u0131m \u00fcr\u00fcnler olu\u015fturmak i\u00e7in m\u00fc\u015fteriyle birlikte \u00e7al\u0131\u015fabilir.<\/p>\n\n\n\n<div class=\"wp-block-media-text alignwide is-stacked-on-mobile\"><figure class=\"wp-block-media-text__media\"><img loading=\"lazy\" width=\"768\" height=\"1024\" src=\"http:\/\/www.ozkulplastik.com\/wp-content\/uploads\/2022\/09\/PHOTO-2022-09-13-20-27-04-768x1024.png\" alt=\"KAHVERENG\u0130\" class=\"wp-image-90 size-full\" srcset=\"http:\/\/www.ozkulplastik.com\/wp-content\/uploads\/2022\/09\/PHOTO-2022-09-13-20-27-04-768x1024.png 768w, http:\/\/www.ozkulplastik.com\/wp-content\/uploads\/2022\/09\/PHOTO-2022-09-13-20-27-04-225x300.png 225w, http:\/\/www.ozkulplastik.com\/wp-content\/uploads\/2022\/09\/PHOTO-2022-09-13-20-27-04-1152x1536.png 1152w, http:\/\/www.ozkulplastik.com\/wp-content\/uploads\/2022\/09\/PHOTO-2022-09-13-20-27-04.png 1536w\" sizes=\"(max-width: 768px) 100vw, 768px\" \/><\/figure><div class=\"wp-block-media-text__content\">\n<p class=\"has-text-color\" style=\"color:#770101\"><strong>STANDART TERMO GRAN\u00dcL<\/strong><\/p>\n\n\n\n<p>Ayakkab\u0131 sekt\u00f6r\u00fcnde en \u00e7ok t\u00fcketilen standart hafiflikte a\u015f\u0131nma direncine sahip \u00fcr\u00fcnd\u00fcr. \u00d6ZKUL TERMOPLAST\u0130K b\u00fcnyesinde 1000 civar\u0131nda renk bulunmaktad\u0131r. <\/p>\n<\/div><\/div>\n\n\n\n<div class=\"wp-block-media-text alignwide is-stacked-on-mobile\"><figure class=\"wp-block-media-text__media\"><img loading=\"lazy\" width=\"768\" height=\"1024\" src=\"http:\/\/www.ozkulplastik.com\/wp-content\/uploads\/2022\/09\/PHOTO-2022-09-13-19-37-52-768x1024.png\" alt=\"\" class=\"wp-image-76 size-full\" srcset=\"http:\/\/www.ozkulplastik.com\/wp-content\/uploads\/2022\/09\/PHOTO-2022-09-13-19-37-52-768x1024.png 768w, http:\/\/www.ozkulplastik.com\/wp-content\/uploads\/2022\/09\/PHOTO-2022-09-13-19-37-52-225x300.png 225w, http:\/\/www.ozkulplastik.com\/wp-content\/uploads\/2022\/09\/PHOTO-2022-09-13-19-37-52-1152x1536.png 1152w, http:\/\/www.ozkulplastik.com\/wp-content\/uploads\/2022\/09\/PHOTO-2022-09-13-19-37-52.png 1536w\" sizes=\"(max-width: 768px) 100vw, 768px\" \/><\/figure><div class=\"wp-block-media-text__content\">\n<p class=\"has-text-color\" style=\"color:#770101\"><strong>\u015eEFFAF TERMO GRAN\u00dcL<\/strong><\/p>\n\n\n\n<p>\u0130stenen \u015feffafl\u0131kta , renkte ve yumu\u015fakl\u0131kta \u00fcretimimiz mevcuttur. \u015eeffaf olarak 200\u00fcn \u00fczerinde talep g\u00f6ren renk mevcuttur. \u00d6zel sipari\u015fleriniz itina ile haz\u0131rlan\u0131r.<\/p>\n<\/div><\/div>\n\n\n\n<div class=\"wp-block-media-text alignwide is-stacked-on-mobile\"><figure class=\"wp-block-media-text__media\"><img loading=\"lazy\" width=\"768\" height=\"1024\" src=\"http:\/\/www.ozkulplastik.com\/wp-content\/uploads\/2022\/09\/PHOTO-2022-09-13-20-27-11-768x1024.png\" alt=\"SARI\" class=\"wp-image-91 size-full\" srcset=\"http:\/\/www.ozkulplastik.com\/wp-content\/uploads\/2022\/09\/PHOTO-2022-09-13-20-27-11-768x1024.png 768w, http:\/\/www.ozkulplastik.com\/wp-content\/uploads\/2022\/09\/PHOTO-2022-09-13-20-27-11-225x300.png 225w, http:\/\/www.ozkulplastik.com\/wp-content\/uploads\/2022\/09\/PHOTO-2022-09-13-20-27-11-1152x1536.png 1152w, http:\/\/www.ozkulplastik.com\/wp-content\/uploads\/2022\/09\/PHOTO-2022-09-13-20-27-11.png 1536w\" sizes=\"(max-width: 768px) 100vw, 768px\" \/><\/figure><div class=\"wp-block-media-text__content\">\n<p class=\"has-text-color\" style=\"color:#770101\">TERMO L\u0130GHT<\/p>\n\n\n\n<p>Al\u0131\u015f\u0131lm\u0131\u015f\u0131n d\u0131\u015f\u0131nda hafiflikte ve m\u00fckemmel cilt g\u00f6r\u00fcn\u00fcm\u00fc ile taban sekt\u00f6r\u00fcnde son y\u0131llar\u0131n trendi olan bu \u00fcr\u00fcn b\u00fcnyemizde farkl\u0131 renklerde \u00fcretilmektedir. Bu hammadde sayesinde ayakkab\u0131lar art\u0131k daha hafif. <\/p>\n<\/div><\/div>\n\n\n\n<div class=\"wp-container-5 wp-block-columns\">\n<div class=\"wp-container-3 wp-block-column\">\n<figure class=\"wp-container-2 wp-block-gallery-1 wp-block-gallery has-nested-images columns-default is-cropped\">\n<figure class=\"wp-block-image size-large\"><img loading=\"lazy\" width=\"275\" height=\"183\" src=\"https:\/\/www.ozkulplastik.com\/wp-content\/uploads\/2026\/01\/images.jpeg\" alt=\"\" class=\"wp-image-193\"\/><figcaption>TPU<\/figcaption><\/figure>\n<\/figure>\n<\/div>\n\n\n\n<div class=\"wp-container-4 wp-block-column\">\n<p><strong>TPU<\/strong><\/p>\n\n\n\n<p>Portf\u00f6y\u00fcm\u00fczde, 75\u201385 Shore A sertlikte, transparent TPU (Termoplastik Poli\u00fcretan) hammadde se\u00e7enekleri yer almaktad\u0131r.<\/p>\n\n\n\n<p><strong>Malzeme T\u00fcr\u00fc:<\/strong> TPU (Termoplastik Poli\u00fcretan)<br><strong>Sertlik:<\/strong> 75\u201385 Shore A<br><strong>Renk:<\/strong> Transparent (\u015eeffaf)<br><strong>Form:<\/strong> Gran\u00fcl hammadde<\/p>\n<\/div>\n<\/div>\n","protected":false},"excerpt":{"rendered":"<p>Termo Gran\u00fcl Hammadde Halihaz\u0131rda \u00fcr\u00fcn yelpazemizde bulunan termo hammaddelere ek olarak, Ar-Ge b\u00f6l\u00fcm\u00fcm\u00fcz, en iyi \u00e7\u00f6z\u00fcm\u00fc incelemek ve herhangi bir gereksinimi kar\u015f\u0131layan \u00f6zel yap\u0131m \u00fcr\u00fcnler olu\u015fturmak i\u00e7in m\u00fc\u015fteriyle birlikte \u00e7al\u0131\u015fabilir. STANDART TERMO GRAN\u00dcL Ayakkab\u0131 sekt\u00f6r\u00fcnde en \u00e7ok t\u00fcketilen standart hafiflikte a\u015f\u0131nma direncine sahip \u00fcr\u00fcnd\u00fcr. \u00d6ZKUL TERMOPLAST\u0130K b\u00fcnyesinde 1000 civar\u0131nda renk bulunmaktad\u0131r. \u015eEFFAF TERMO GRAN\u00dcL \u0130stenen &hellip; <\/p>\n<p class=\"link-more\"><a href=\"http:\/\/www.ozkulplastik.com\/?page_id=2\" class=\"more-link\"><span class=\"screen-reader-text\"> &#8220;\u00dcr\u00fcnler&#8221;<\/span>devam\u0131n\u0131 oku<\/a><\/p>\n","protected":false},"author":1,"featured_media":0,"parent":0,"menu_order":0,"comment_status":"closed","ping_status":"open","template":"","meta":[],"_links":{"self":[{"href":"http:\/\/www.ozkulplastik.com\/index.php?rest_route=\/wp\/v2\/pages\/2"}],"collection":[{"href":"http:\/\/www.ozkulplastik.com\/index.php?rest_route=\/wp\/v2\/pages"}],"about":[{"href":"http:\/\/www.ozkulplastik.com\/index.php?rest_route=\/wp\/v2\/types\/page"}],"author":[{"embeddable":true,"href":"http:\/\/www.ozkulplastik.com\/index.php?rest_route=\/wp\/v2\/users\/1"}],"replies":[{"embeddable":true,"href":"http:\/\/www.ozkulplastik.com\/index.php?rest_route=%2Fwp%2Fv2%2Fcomments&post=2"}],"version-history":[{"count":5,"href":"http:\/\/www.ozkulplastik.com\/index.php?rest_route=\/wp\/v2\/pages\/2\/revisions"}],"predecessor-version":[{"id":194,"href":"http:\/\/www.ozkulplastik.com\/index.php?rest_route=\/wp\/v2\/pages\/2\/revisions\/194"}],"wp:attachment":[{"href":"http:\/\/www.ozkulplastik.com\/index.php?rest_route=%2Fwp%2Fv2%2Fmedia&parent=2"}],"curies":[{"name":"wp","href":"https:\/\/api.w.org\/{rel}","templated":true}]}}