{"id":18,"date":"2022-09-12T19:27:03","date_gmt":"2022-09-12T19:27:03","guid":{"rendered":"http:\/\/www.ozkulplastik.com\/?page_id=18"},"modified":"2024-08-17T06:59:11","modified_gmt":"2024-08-17T06:59:11","slug":"olaganustu-tasarimlar-icin-guzel-portfoyler","status":"publish","type":"page","link":"http:\/\/www.ozkulplastik.com\/","title":{"rendered":"M\u0130SYONUMUZ"},"content":{"rendered":"<div class=\"wp-block-jetpack-story wp-story aligncenter\" data-id=\"wp-story-18-1\" data-settings=\"{&#34;slides&#34;:[{&#34;alt&#34;:&#34;&#34;,&#34;title&#34;:&#34;copy_FE8F4673-8D51-4B52-87AB-49EBE6144C18&#34;,&#34;id&#34;:189,&#34;link&#34;:&#34;http:\\\/\\\/www.ozkulplastik.com\\\/?attachment_id=189&#34;,&#34;type&#34;:&#34;video&#34;,&#34;caption&#34;:&#34;&#34;,&#34;url&#34;:&#34;http:\\\/\\\/www.ozkulplastik.com\\\/wp-content\\\/uploads\\\/2024\\\/08\\\/copy_FE8F4673-8D51-4B52-87AB-49EBE6144C18.mov&#34;,&#34;mime&#34;:&#34;video\\\/quicktime&#34;,&#34;width&#34;:1080,&#34;height&#34;:1920,&#34;poster&#34;:null}]}\">\n\t\t\t<div class=\"wp-story-app\">\n\t\t\t\t<div class=\"wp-story-display-contents\" style=\"display: contents;\">\n\t\t\t\t\t<a class=\"wp-story-container\" href=\"http:\/\/www.ozkulplastik.com\/?wp-story-load-in-fullscreen=true&amp;wp-story-play-on-load=true\" title=\"\u00d6yk\u00fcy\u00fc yeni sekmede oynat\">\n\t\t\t\t\t\t<div class=\"wp-story-meta\">\n\t\t\t\t\t\t\t<div class=\"wp-story-icon\">\n\t\t\t\t\t\t\t\t<img loading=\"lazy\" alt=\"Site ikonu\" src=\"http:\/\/www.ozkulplastik.com\/wp-content\/uploads\/2022\/09\/cropped-o\u0308zkul-logo-bordo-1-150x150.png\" width=\"40\" height=\"40\">\n\t\t\t\t\t\t\t<\/div>\n\t\t\t\t\t\t\t<div>\n\t\t\t\t\t\t\t\t<div class=\"wp-story-title\">\n\t\t\t\t\t\t\t\t\tM\u0130SYONUMUZ\n\t\t\t\t\t\t\t\t<\/div>\n\t\t\t\t\t\t\t<\/div>\n\t\t\t\t\t\t<\/div>\n\t\t\t\t\t\t<div class=\"wp-story-wrapper\">\n\t\t\t\t\t\t\t<div class=\"wp-story-slide\" style=\"display: block;\">\n\t\t\t<figure><video\n\t\t\ttitle=\"copy_FE8F4673-8D51-4B52-87AB-49EBE6144C18\"\n\t\t\ttype=\"video\/quicktime\"\n\t\t\tclass=\"wp-story-video intrinsic-ignore wp-video-189\"\n\t\t\tdata-id=\"189\"\n\t\t\tsrc=\"http:\/\/www.ozkulplastik.com\/wp-content\/uploads\/2024\/08\/copy_FE8F4673-8D51-4B52-87AB-49EBE6144C18.mov\">\n\t\t<\/video><\/figure>\n\t\t<\/div>\n\t\t\t\t\t\t<\/div>\n\t\t\t\t\t\t<div class=\"wp-story-overlay\">\n\t\t\t\t\t\t\t<div class=\"wp-story-embed-icon-expand\">\n\t\t\t\t<svg class=\"gridicon gridicons-fullscreen\" role=\"img\" height=\"24\" width=\"24\" xmlns=\"http:\/\/www.w3.org\/2000\/svg\" viewBox=\"0 0 24 24\">\n\t\t\t\t\t<g>\n\t\t\t\t\t\t<path d=\"M21 3v6h-2V6.41l-3.29 3.3-1.42-1.42L17.59 5H15V3zM3 3v6h2V6.41l3.29 3.3 1.42-1.42L6.41 5H9V3zm18 18v-6h-2v2.59l-3.29-3.29-1.41 1.41L17.59 19H15v2zM9 21v-2H6.41l3.29-3.29-1.41-1.42L5 17.59V15H3v6z\"><\/path>\n\t\t\t\t\t<\/g>\n\t\t\t\t<\/svg>\n\t\t\t<\/div>\n\t\t\t\t\t\t<\/div>\n\t\t\t\t\t\t<div class=\"wp-story-pagination wp-story-pagination-bullets\">\n\t\t\t<div class=\"wp-story-pagination-bullet \" aria-label=\"Slayta git: 1\">\n\t\t\t<div class=\"wp-story-pagination-bullet-bar\"><\/div>\n\t\t<\/div>\n\t\t<\/div>\n\t\t\t\t\t<\/a>\n\t\t\t\t<\/div>\n\t\t\t<\/div>\n\t\t<\/div>\n\n\n<p>\u00d6zkul Termoplastik \u00fcretmi\u015f oldu\u011fu y\u00fcksek kalite hammadde ile T\u00fcrkiye\u2019de ayakkab\u0131 ve taban sekt\u00f6r\u00fcn\u00fc ileriye ta\u015f\u0131may\u0131 kendine hedef edinmi\u015ftir.<br>\u0130stenilen renk ve tonda&nbsp;<strong>garantili hammadde<\/strong>&nbsp;sat\u0131\u015f\u0131 ile sekt\u00f6re g\u00fcven ve huzur vermeye devam ediyoruz.<\/p>\n\n\n\n<div style=\"height:55px\" aria-hidden=\"true\" class=\"wp-block-spacer\"><\/div>\n\n\n\n<div class=\"wp-container-4 wp-block-group alignfull has-background\" style=\"background-color:#e5e9ec\"><div class=\"wp-block-group__inner-container\">\n<div class=\"wp-container-3 wp-block-columns\">\n<div class=\"wp-container-1 wp-block-column is-vertically-aligned-center\">\n<h2>Hakk\u0131m\u0131zda<\/h2>\n\n\n\n<p>\u00d6ZKUL TERMOPLAST\u0130K 2015 y\u0131l\u0131nda ayakkab\u0131 sekt\u00f6r\u00fcnde TR (thermoplastic rubber) hammadde \u00fcretmeye ba\u015flam\u0131\u015f ve \u00fcr\u00fcn portf\u00f6y\u00fcn\u00fc her ge\u00e7en g\u00fcn artt\u0131rm\u0131\u015ft\u0131r. G\u00fcnl\u00fck 20 ton \u00fcretim kapasitesiyle ve tedarik h\u0131z\u0131yla m\u00fc\u015fterilerin be\u011fenisini kazanm\u0131\u015ft\u0131r.<\/p>\n\n\n\n<p>\u00d6zkul Termoplastik \u00fcretmi\u015f oldu\u011fu y\u00fcksek kalite hammadde ile ayakkab\u0131 ve taban sekt\u00f6r\u00fcn\u00fc ileriye ta\u015f\u0131may\u0131 kendisine hedef edinmi\u015ftir<\/p>\n<\/div>\n\n\n\n<div class=\"wp-container-2 wp-block-column\">\n<div style=\"height:48px\" aria-hidden=\"true\" class=\"wp-block-spacer\"><\/div>\n\n\n\n<figure class=\"wp-block-image size-large is-resized\"><img loading=\"lazy\" src=\"http:\/\/www.ozkulplastik.com\/wp-content\/uploads\/2022\/09\/PHOTO-2022-09-13-19-37-52-768x1024.png\" alt=\"\" class=\"wp-image-76\" width=\"404\" height=\"538\" srcset=\"http:\/\/www.ozkulplastik.com\/wp-content\/uploads\/2022\/09\/PHOTO-2022-09-13-19-37-52-768x1024.png 768w, http:\/\/www.ozkulplastik.com\/wp-content\/uploads\/2022\/09\/PHOTO-2022-09-13-19-37-52-225x300.png 225w, http:\/\/www.ozkulplastik.com\/wp-content\/uploads\/2022\/09\/PHOTO-2022-09-13-19-37-52-1152x1536.png 1152w, http:\/\/www.ozkulplastik.com\/wp-content\/uploads\/2022\/09\/PHOTO-2022-09-13-19-37-52.png 1536w\" sizes=\"(max-width: 404px) 100vw, 404px\" \/><\/figure>\n<\/div>\n<\/div>\n<\/div><\/div>\n\n\n\n<div class=\"wp-container-9 wp-block-group alignfull\"><div class=\"wp-block-group__inner-container\">\n<div class=\"wp-container-8 wp-block-columns are-vertically-aligned-center\">\n<div class=\"wp-container-5 wp-block-column is-vertically-aligned-center\">\n<div style=\"height:48px\" aria-hidden=\"true\" class=\"wp-block-spacer\"><\/div>\n\n\n\n<figure class=\"wp-block-image size-large\"><img loading=\"lazy\" width=\"1024\" height=\"683\" src=\"http:\/\/www.ozkulplastik.com\/wp-content\/uploads\/2022\/09\/picture-1-1024x683.jpeg\" alt=\"\" class=\"wp-image-40\" srcset=\"http:\/\/www.ozkulplastik.com\/wp-content\/uploads\/2022\/09\/picture-1-1024x683.jpeg 1024w, http:\/\/www.ozkulplastik.com\/wp-content\/uploads\/2022\/09\/picture-1-300x200.jpeg 300w, http:\/\/www.ozkulplastik.com\/wp-content\/uploads\/2022\/09\/picture-1-768x512.jpeg 768w, http:\/\/www.ozkulplastik.com\/wp-content\/uploads\/2022\/09\/picture-1.jpeg 1042w\" sizes=\"(max-width: 1024px) 100vw, 1024px\" \/><\/figure>\n<\/div>\n\n\n\n<div class=\"wp-container-7 wp-block-column is-vertically-aligned-center\">\n<h2>Hizmet<\/h2>\n\n\n\n<p>Termoplastik hammadde istenen renk ve \u015feffafl\u0131kta en k\u0131sa s\u00fcrede haz\u0131rlan\u0131p m\u00fc\u015fterilerimize teslim edilir.<\/p>\n\n\n\n<p>Saat 12:00\u2019dan \u00f6nce verilen temel sipari\u015fler ayn\u0131 g\u00fcn kargoya teslim edilir.<\/p>\n\n\n\n<div class=\"wp-container-6 wp-block-buttons\"><\/div>\n<\/div>\n<\/div>\n<\/div><\/div>\n\n\n\n<div class=\"wp-container-12 wp-block-group alignfull has-background\" style=\"background-color:#c9c5b9\"><div class=\"wp-block-group__inner-container\">\n<h2 class=\"has-text-align-center has-white-color has-text-color\"><strong>GALER\u0130<\/strong><\/h2>\n\n\n\n<figure class=\"wp-container-11 wp-block-gallery-10 wp-block-gallery aligncenter has-nested-images columns-default is-cropped\">\n<figure class=\"wp-block-image size-large\"><img loading=\"lazy\" width=\"768\" height=\"1024\" src=\"http:\/\/www.ozkulplastik.com\/wp-content\/uploads\/2022\/09\/PHOTO-2022-09-13-20-27-25-768x1024.jpg\" alt=\"\" class=\"wp-image-92\" srcset=\"http:\/\/www.ozkulplastik.com\/wp-content\/uploads\/2022\/09\/PHOTO-2022-09-13-20-27-25-768x1024.jpg 768w, http:\/\/www.ozkulplastik.com\/wp-content\/uploads\/2022\/09\/PHOTO-2022-09-13-20-27-25-225x300.jpg 225w, http:\/\/www.ozkulplastik.com\/wp-content\/uploads\/2022\/09\/PHOTO-2022-09-13-20-27-25-1152x1536.jpg 1152w, http:\/\/www.ozkulplastik.com\/wp-content\/uploads\/2022\/09\/PHOTO-2022-09-13-20-27-25.jpg 1536w\" sizes=\"(max-width: 768px) 100vw, 768px\" \/><figcaption>RENKLER<\/figcaption><\/figure>\n\n\n\n<figure class=\"wp-block-image size-large\"><img loading=\"lazy\" width=\"768\" height=\"1024\" src=\"http:\/\/www.ozkulplastik.com\/wp-content\/uploads\/2022\/09\/PHOTO-2022-09-13-20-27-34-768x1024.jpg\" alt=\"\" class=\"wp-image-93\" srcset=\"http:\/\/www.ozkulplastik.com\/wp-content\/uploads\/2022\/09\/PHOTO-2022-09-13-20-27-34-768x1024.jpg 768w, http:\/\/www.ozkulplastik.com\/wp-content\/uploads\/2022\/09\/PHOTO-2022-09-13-20-27-34-225x300.jpg 225w, http:\/\/www.ozkulplastik.com\/wp-content\/uploads\/2022\/09\/PHOTO-2022-09-13-20-27-34-1152x1536.jpg 1152w, http:\/\/www.ozkulplastik.com\/wp-content\/uploads\/2022\/09\/PHOTO-2022-09-13-20-27-34.jpg 1536w\" sizes=\"(max-width: 768px) 100vw, 768px\" \/><figcaption>RENKLER<\/figcaption><\/figure>\n\n\n\n<figure class=\"wp-block-image size-large\"><img loading=\"lazy\" width=\"768\" height=\"1024\" src=\"http:\/\/www.ozkulplastik.com\/wp-content\/uploads\/2022\/09\/PHOTO-2022-09-13-19-37-52-768x1024.png\" alt=\"\" class=\"wp-image-76\" srcset=\"http:\/\/www.ozkulplastik.com\/wp-content\/uploads\/2022\/09\/PHOTO-2022-09-13-19-37-52-768x1024.png 768w, http:\/\/www.ozkulplastik.com\/wp-content\/uploads\/2022\/09\/PHOTO-2022-09-13-19-37-52-225x300.png 225w, http:\/\/www.ozkulplastik.com\/wp-content\/uploads\/2022\/09\/PHOTO-2022-09-13-19-37-52-1152x1536.png 1152w, http:\/\/www.ozkulplastik.com\/wp-content\/uploads\/2022\/09\/PHOTO-2022-09-13-19-37-52.png 1536w\" sizes=\"(max-width: 768px) 100vw, 768px\" \/><figcaption>TABA <\/figcaption><\/figure>\n\n\n\n<figure class=\"wp-block-image size-large\"><img loading=\"lazy\" width=\"768\" height=\"1024\" src=\"http:\/\/www.ozkulplastik.com\/wp-content\/uploads\/2022\/09\/PHOTO-2022-09-13-20-27-04-768x1024.png\" alt=\"KAHVERENG\u0130\" class=\"wp-image-90\" srcset=\"http:\/\/www.ozkulplastik.com\/wp-content\/uploads\/2022\/09\/PHOTO-2022-09-13-20-27-04-768x1024.png 768w, http:\/\/www.ozkulplastik.com\/wp-content\/uploads\/2022\/09\/PHOTO-2022-09-13-20-27-04-225x300.png 225w, http:\/\/www.ozkulplastik.com\/wp-content\/uploads\/2022\/09\/PHOTO-2022-09-13-20-27-04-1152x1536.png 1152w, http:\/\/www.ozkulplastik.com\/wp-content\/uploads\/2022\/09\/PHOTO-2022-09-13-20-27-04.png 1536w\" sizes=\"(max-width: 768px) 100vw, 768px\" \/><figcaption>KAHVERENG\u0130<\/figcaption><\/figure>\n\n\n\n<figure class=\"wp-block-image size-large\"><img loading=\"lazy\" width=\"768\" height=\"1024\" src=\"http:\/\/www.ozkulplastik.com\/wp-content\/uploads\/2022\/09\/PHOTO-2022-09-13-20-26-52-768x1024.png\" alt=\"YE\u015e\u0130L\" class=\"wp-image-89\" srcset=\"http:\/\/www.ozkulplastik.com\/wp-content\/uploads\/2022\/09\/PHOTO-2022-09-13-20-26-52-768x1024.png 768w, http:\/\/www.ozkulplastik.com\/wp-content\/uploads\/2022\/09\/PHOTO-2022-09-13-20-26-52-225x300.png 225w, http:\/\/www.ozkulplastik.com\/wp-content\/uploads\/2022\/09\/PHOTO-2022-09-13-20-26-52-1152x1536.png 1152w, http:\/\/www.ozkulplastik.com\/wp-content\/uploads\/2022\/09\/PHOTO-2022-09-13-20-26-52.png 1536w\" sizes=\"(max-width: 768px) 100vw, 768px\" \/><figcaption>YE\u015e\u0130L<\/figcaption><\/figure>\n\n\n\n<figure class=\"wp-block-image size-large\"><img loading=\"lazy\" width=\"768\" height=\"1024\" src=\"http:\/\/www.ozkulplastik.com\/wp-content\/uploads\/2022\/09\/PHOTO-2022-09-13-20-27-11-768x1024.png\" alt=\"SARI\" class=\"wp-image-91\" srcset=\"http:\/\/www.ozkulplastik.com\/wp-content\/uploads\/2022\/09\/PHOTO-2022-09-13-20-27-11-768x1024.png 768w, http:\/\/www.ozkulplastik.com\/wp-content\/uploads\/2022\/09\/PHOTO-2022-09-13-20-27-11-225x300.png 225w, http:\/\/www.ozkulplastik.com\/wp-content\/uploads\/2022\/09\/PHOTO-2022-09-13-20-27-11-1152x1536.png 1152w, http:\/\/www.ozkulplastik.com\/wp-content\/uploads\/2022\/09\/PHOTO-2022-09-13-20-27-11.png 1536w\" sizes=\"(max-width: 768px) 100vw, 768px\" \/><figcaption>SARI<\/figcaption><\/figure>\n<\/figure>\n<\/div><\/div>\n\n\n\n<p><\/p>\n","protected":false},"excerpt":{"rendered":"<p>\u00d6zkul Termoplastik \u00fcretmi\u015f oldu\u011fu y\u00fcksek kalite hammadde ile T\u00fcrkiye\u2019de ayakkab\u0131 ve taban sekt\u00f6r\u00fcn\u00fc ileriye ta\u015f\u0131may\u0131 kendine hedef edinmi\u015ftir.\u0130stenilen renk ve tonda&nbsp;garantili hammadde&nbsp;sat\u0131\u015f\u0131 ile sekt\u00f6re g\u00fcven ve huzur vermeye devam ediyoruz. Hakk\u0131m\u0131zda \u00d6ZKUL TERMOPLAST\u0130K 2015 y\u0131l\u0131nda ayakkab\u0131 sekt\u00f6r\u00fcnde TR (thermoplastic rubber) hammadde \u00fcretmeye ba\u015flam\u0131\u015f ve \u00fcr\u00fcn portf\u00f6y\u00fcn\u00fc her ge\u00e7en g\u00fcn artt\u0131rm\u0131\u015ft\u0131r. G\u00fcnl\u00fck 20 ton \u00fcretim kapasitesiyle &hellip; <\/p>\n<p class=\"link-more\"><a href=\"http:\/\/www.ozkulplastik.com\/\" class=\"more-link\"><span class=\"screen-reader-text\"> &#8220;M\u0130SYONUMUZ&#8221;<\/span>devam\u0131n\u0131 oku<\/a><\/p>\n","protected":false},"author":1,"featured_media":0,"parent":0,"menu_order":0,"comment_status":"closed","ping_status":"closed","template":"","meta":[],"_links":{"self":[{"href":"http:\/\/www.ozkulplastik.com\/index.php?rest_route=\/wp\/v2\/pages\/18"}],"collection":[{"href":"http:\/\/www.ozkulplastik.com\/index.php?rest_route=\/wp\/v2\/pages"}],"about":[{"href":"http:\/\/www.ozkulplastik.com\/index.php?rest_route=\/wp\/v2\/types\/page"}],"author":[{"embeddable":true,"href":"http:\/\/www.ozkulplastik.com\/index.php?rest_route=\/wp\/v2\/users\/1"}],"replies":[{"embeddable":true,"href":"http:\/\/www.ozkulplastik.com\/index.php?rest_route=%2Fwp%2Fv2%2Fcomments&post=18"}],"version-history":[{"count":13,"href":"http:\/\/www.ozkulplastik.com\/index.php?rest_route=\/wp\/v2\/pages\/18\/revisions"}],"predecessor-version":[{"id":190,"href":"http:\/\/www.ozkulplastik.com\/index.php?rest_route=\/wp\/v2\/pages\/18\/revisions\/190"}],"wp:attachment":[{"href":"http:\/\/www.ozkulplastik.com\/index.php?rest_route=%2Fwp%2Fv2%2Fmedia&parent=18"}],"curies":[{"name":"wp","href":"https:\/\/api.w.org\/{rel}","templated":true}]}}