{"id":147,"date":"2022-09-13T19:57:23","date_gmt":"2022-09-13T19:57:23","guid":{"rendered":"https:\/\/www.ozkulplastik.com\/?page_id=147"},"modified":"2022-09-13T19:57:23","modified_gmt":"2022-09-13T19:57:23","slug":"contact-us","status":"publish","type":"page","link":"http:\/\/www.ozkulplastik.com\/?page_id=147&lang=en","title":{"rendered":"Contact Us"},"content":{"rendered":"\n<p><strong>E-mail <\/strong>: info@ozkulplastik.com<\/p>\n\n\n\n<p><strong>Phone<\/strong> : +90 212 407 07 23<\/p>\n\n\n\n<p><strong>Whatsapp <\/strong>: +90 534 395 64 02<\/p>\n\n\n\n<p><strong>Address<\/strong> : \u0130OSB Mahallesi T\u00fcmsan 1.K\u0131s\u0131m Sanayi Sitesi 5.Blok No : 6 Ba\u015fak\u015fehir \/ \u0130stanbul \/ Turkey<\/p>\n\n\n\n<iframe src=\"https:\/\/www.google.com\/maps\/embed?pb=!1m18!1m12!1m3!1d3006.5379528770363!2d28.791430815299062!3d41.10094097929153!2m3!1f0!2f0!3f0!3m2!1i1024!2i768!4f13.1!3m3!1m2!1s0x14caafe1d9f996d7%3A0x9735f92b8929670b!2s%C3%96zkul%20Termoplastik%20Tic.%20Ltd.%20%C5%9Eti!5e0!3m2!1str!2str!4v1663096637234!5m2!1str!2str\" width=\"900\" height=\"450\" style=\"border:0;\" allowfullscreen=\"\" loading=\"lazy\" referrerpolicy=\"no-referrer-when-downgrade\"><\/iframe>\n\n\n\n<p><\/p>\n","protected":false},"excerpt":{"rendered":"<p>E-mail : info@ozkulplastik.com Phone : +90 212 407 07 23 Whatsapp : +90 534 395 64 02 Address : \u0130OSB Mahallesi T\u00fcmsan 1.K\u0131s\u0131m Sanayi Sitesi 5.Blok No : 6 Ba\u015fak\u015fehir \/ \u0130stanbul \/ Turkey<\/p>\n","protected":false},"author":1,"featured_media":0,"parent":0,"menu_order":0,"comment_status":"closed","ping_status":"closed","template":"","meta":[],"_links":{"self":[{"href":"http:\/\/www.ozkulplastik.com\/index.php?rest_route=\/wp\/v2\/pages\/147"}],"collection":[{"href":"http:\/\/www.ozkulplastik.com\/index.php?rest_route=\/wp\/v2\/pages"}],"about":[{"href":"http:\/\/www.ozkulplastik.com\/index.php?rest_route=\/wp\/v2\/types\/page"}],"author":[{"embeddable":true,"href":"http:\/\/www.ozkulplastik.com\/index.php?rest_route=\/wp\/v2\/users\/1"}],"replies":[{"embeddable":true,"href":"http:\/\/www.ozkulplastik.com\/index.php?rest_route=%2Fwp%2Fv2%2Fcomments&post=147"}],"version-history":[{"count":1,"href":"http:\/\/www.ozkulplastik.com\/index.php?rest_route=\/wp\/v2\/pages\/147\/revisions"}],"predecessor-version":[{"id":148,"href":"http:\/\/www.ozkulplastik.com\/index.php?rest_route=\/wp\/v2\/pages\/147\/revisions\/148"}],"wp:attachment":[{"href":"http:\/\/www.ozkulplastik.com\/index.php?rest_route=%2Fwp%2Fv2%2Fmedia&parent=147"}],"curies":[{"name":"wp","href":"https:\/\/api.w.org\/{rel}","templated":true}]}}